{"id":3173,"date":"2025-04-30T08:07:02","date_gmt":"2025-04-30T08:07:02","guid":{"rendered":"http:\/\/clapat-themes.com\/wordpress\/bennet\/?page_id=3173"},"modified":"2025-04-30T08:07:02","modified_gmt":"2025-04-30T08:07:02","slug":"multimedia","status":"publish","type":"page","link":"https:\/\/abyssedelhumanite.fr\/?page_id=3173","title":{"rendered":"Multimedia"},"content":{"rendered":"\n<div class=\"wp-block-bennet-gutenberg-container content-row light-section full row_padding_top row_padding_bottom row_padding_left row_padding_right\" data-bgcolor=\"#c8c8c8\" style=\"text-align:left\">\n<div class=\"wp-block-columns is-layout-flex wp-container-core-columns-is-layout-9d6595d7 wp-block-columns-is-layout-flex\">\n<div class=\"wp-block-column is-layout-flow wp-block-column-is-layout-flow\">\n<figure class=\" &quot;&quot;\" data-delay=\"&quot;100&quot;\"><a class=\"image-link\" href=\"\"><img decoding=\"async\" src=\"\" alt=\"\" \/><\/a><figcaption><\/figcaption><\/figure>\n<\/div>\n\n\n\n<div class=\"wp-block-column is-layout-flow wp-block-column-is-layout-flow\">\n<figure class=\" &quot;&quot;\" data-delay=\"&quot;200&quot;\"><a class=\"video-link\" href=\"\"><img decoding=\"async\" src=\"\" alt=\"\" \/><\/a><\/figure>\n<\/div>\n<\/div>\n\n\n\n<hr><hr>\n\n\n\n<div class=\"wp-block-columns is-layout-flex wp-container-core-columns-is-layout-9d6595d7 wp-block-columns-is-layout-flex\">\n<div class=\"wp-block-column is-layout-flow wp-block-column-is-layout-flow\">\n<figure class=\" &quot;&quot;\" data-delay=\"&quot;100&quot;\"><a class=\"video-link\" href=\"\"><img decoding=\"async\" src=\"\" alt=\"\" \/><\/a><\/figure>\n<\/div>\n\n\n\n<div class=\"wp-block-column is-layout-flow wp-block-column-is-layout-flow\">\n<figure class=\" &quot;&quot;\" data-delay=\"&quot;200&quot;\"><a class=\"image-link\" href=\"\"><img decoding=\"async\" src=\"\" alt=\"\" \/><\/a><figcaption><\/figcaption><\/figure>\n<\/div>\n\n\n\n<div class=\"wp-block-column is-layout-flow wp-block-column-is-layout-flow\">\n<figure class=\" &quot;&quot;\" data-delay=\"&quot;300&quot;\"><a class=\"image-link\" href=\"\"><img decoding=\"async\" src=\"\" alt=\"\" \/><\/a><figcaption><\/figcaption><\/figure>\n<\/div>\n<\/div>\n<\/div>\n\n\n\n<div class=\"wp-block-bennet-gutenberg-container content-row dark-section full change-header-color disable-header-gradient\" data-bgcolor=\"#171717\" style=\"text-align:left\">\n<figure class=\"wp-block-bennet-gutenberg-parallax-image has-parallax has-parallax-content\" data-delay=\"0\"><img decoding=\"async\" src=\"https:\/\/abyssedelhumanite.fr\/wp-content\/uploads\/2025\/05\/about.jpg\" alt=\"\"\/><div class=\"parallax-image-content content-full-width text-align-center\"><div class=\"outer\"><div class=\"inner\">\n<h2><span class=\"has-mask-fill\">Parallax image or video<\/span><br><span class=\"has-mask-fill\">with content overlay<\/span><\/h2>\n<\/div><\/div><\/div><\/figure>\n<\/div>\n\n\n\n<div class=\"wp-block-bennet-gutenberg-container content-row light-section normal row_padding_top row_padding_bottom\" data-bgcolor=\"#c8c8c8\" style=\"text-align:center\">\n<h5 class=\"wp-block-heading no-margins\">Content Slider<\/h5>\n\n\n\n<p>Select the color for the cursor on hover and enable <\/p>\n\n\n\n<p>autocentering on click event.<\/p>\n\n\n\n<div style=\"height:25px\" aria-hidden=\"true\" class=\"wp-block-spacer\"><\/div>\n\n\n\n<div class=\"wp-block-bennet-gutenberg-slider clapat-slider-wrapper content-slider light-cursor autocenter disabled-slider-dots\" data-delay=\"0\"><div class=\"clapat-slider\"><div class=\"clapat-slider-viewport\">\n<div class=\"clapat-slide\"><div class=\"slide-img\"><img decoding=\"async\" src=\"\" alt=\"&quot;&quot;\" \/><\/div><\/div>\n\n\n\n<div class=\"clapat-slide\"><div class=\"slide-img\"><img decoding=\"async\" src=\"\" alt=\"&quot;&quot;\" \/><\/div><\/div>\n\n\n\n<div class=\"clapat-slide\"><div class=\"slide-img\"><img decoding=\"async\" src=\"\" alt=\"&quot;&quot;\" \/><\/div><\/div>\n\n\n\n<div class=\"clapat-slide\"><div class=\"slide-img\"><img decoding=\"async\" src=\"\" alt=\"&quot;&quot;\" \/><\/div><\/div>\n<\/div><\/div><div class=\"clapat-controls\"><div class=\"clapat-button-next slider-button-next\"><\/div><div class=\"clapat-button-prev slider-button-prev\"><\/div><div class=\"clapat-pagination\"><\/div><\/div><\/div>\n<\/div>\n\n\n\n<div class=\"wp-block-bennet-gutenberg-container content-row light-section full row_padding_bottom\" data-bgcolor=\"#c8c8c8\" style=\"text-align:center\">\n<h5 class=\"wp-block-heading no-margins\">Looped Carousel<\/h5>\n\n\n\n<p>Choose between large or small size and select the color <\/p>\n\n\n\n<p>for the cursor circle on hover.<\/p>\n\n\n\n<div style=\"height:25px\" aria-hidden=\"true\" class=\"wp-block-spacer\"><\/div>\n\n\n\n<div class=\"wp-block-bennet-gutenberg-carousel clapat-slider-wrapper content-slider light-cursor looped-carousel autocenter\" data-delay=\"0\"><div class=\"clapat-slider\"><div class=\"clapat-slider-viewport\">\n<div class=\"clapat-slide\"><img decoding=\"async\" src=\"\" alt=\"&quot;&quot;\" \/><\/div>\n\n\n\n<div class=\"clapat-slide\"><img decoding=\"async\" src=\"\" alt=\"&quot;&quot;\" \/><\/div>\n\n\n\n<div class=\"clapat-slide\"><img decoding=\"async\" src=\"\" alt=\"&quot;&quot;\" \/><\/div>\n\n\n\n<div class=\"clapat-slide\"><img decoding=\"async\" src=\"\" alt=\"&quot;&quot;\" \/><\/div>\n<\/div><\/div><div class=\"clapat-controls\"><div class=\"clapat-button-next slider-button-next\"><\/div><div class=\"clapat-button-prev slider-button-prev\"><\/div><div class=\"clapat-pagination\"><\/div><\/div><\/div>\n<\/div>\n\n\n\n<div class=\"wp-block-bennet-gutenberg-container content-row light-section full row_padding_bottom\" data-bgcolor=\"#c8c8c8\" style=\"text-align:center\">\n<h5 class=\"wp-block-heading no-margins\">Looped Carousel<\/h5>\n\n\n\n<p>Choose between large or small size and select the color <\/p>\n\n\n\n<p>for the cursor circle on hover.<\/p>\n\n\n\n<div style=\"height:25px\" aria-hidden=\"true\" class=\"wp-block-spacer\"><\/div>\n\n\n\n<div class=\"wp-block-bennet-gutenberg-carousel clapat-slider-wrapper content-slider light-cursor small-looped-carousel autocenter\" data-delay=\"0\"><div class=\"clapat-slider\"><div class=\"clapat-slider-viewport\">\n<div class=\"clapat-slide\"><img decoding=\"async\" src=\"\" alt=\"&quot;&quot;\" \/><\/div>\n\n\n\n<div class=\"clapat-slide\"><img decoding=\"async\" src=\"\" alt=\"&quot;&quot;\" \/><\/div>\n\n\n\n<div class=\"clapat-slide\"><img decoding=\"async\" src=\"\" alt=\"&quot;&quot;\" \/><\/div>\n\n\n\n<div class=\"clapat-slide\"><img decoding=\"async\" src=\"\" alt=\"&quot;&quot;\" \/><\/div>\n<\/div><\/div><div class=\"clapat-controls\"><div class=\"clapat-button-next slider-button-next\"><\/div><div class=\"clapat-button-prev slider-button-prev\"><\/div><div class=\"clapat-pagination\"><\/div><\/div><\/div>\n<\/div>\n\n\n\n<div class=\"wp-block-bennet-gutenberg-container content-row light-section normal row_padding_bottom\" data-bgcolor=\"#c8c8c8\" style=\"text-align:center\">\n<h5 class=\"wp-block-heading no-margins\">Reveal Gallery<\/h5>\n\n\n\n<p>Reveal multiple image instances making it effortless <\/p>\n\n\n\n<p>to compare them side by side<\/p>\n\n\n\n<div style=\"height:25px\" aria-hidden=\"true\" class=\"wp-block-spacer\"><\/div>\n\n\n\n<div class=\"reveal-gallery &quot;&quot;\"><div class=\"reveal-img\"><img decoding=\"async\" src=\"\" alt=\"\" \/><\/div><div class=\"reveal-img-fixed\"><img decoding=\"async\" src=\"\" alt=\"\" \/><\/div><div class=\"reveal-img\"><img decoding=\"async\" src=\"\" alt=\"\" \/><\/div><\/div>\n<\/div>\n\n\n\n<div class=\"wp-block-bennet-gutenberg-container content-row light-section normal row_padding_bottom\" data-bgcolor=\"#c8c8c8\" style=\"text-align:center\">\n<h5 class=\"wp-block-heading no-margins\">Pinned Gallery<\/h5>\n\n\n\n<p>Create a stack of sticky images that remain fixed until  <\/p>\n\n\n\n<p>you scroll through all of them.<\/p>\n\n\n\n<div style=\"height:25px\" aria-hidden=\"true\" class=\"wp-block-spacer\"><\/div>\n\n\n\n<div class=\"wp-block-bennet-gutenberg-pinned-gallery pinned-gallery\">\n<div class=\"pinned-image\"><img decoding=\"async\" src=\"\" alt=\"\" \/><\/div>\n\n\n\n<div class=\"pinned-image\"><img decoding=\"async\" src=\"\" alt=\"\" \/><\/div>\n\n\n\n<div class=\"pinned-image\"><img decoding=\"async\" src=\"\" alt=\"\" \/><\/div>\n<\/div>\n<\/div>\n\n\n\n<div class=\"wp-block-bennet-gutenberg-container content-row light-section normal row_padding_bottom\" data-bgcolor=\"#c8c8c8\" style=\"text-align:center\">\n<div class=\"wp-block-bennet-gutenberg-left-pinned-section pinned-section\">\n<div class=\"wp-block-bennet-gutenberg-pinned-element pinned-element left\">\n<h5 class=\"no-margins\">Pinned Section<\/h5>\n                                                <p>Create captivating sticky elements that remain fixed <br class=\"destroy\"> on the left or right side of an image as you scroll.<\/p>\n<\/div>\n\n\n\n<div class=\"wp-block-bennet-gutenberg-scrolling-element scrolling-element right\">\n<figure class=\"has-animation\">                 <a href=\"https:\/\/abyssedelhumanite.fr\/wp-content\/uploads\/2025\/05\/pinned01.jpg\" class=\"image-link\"><img decoding=\"async\" src=\"https:\/\/abyssedelhumanite.fr\/wp-content\/uploads\/2025\/05\/pinned01.jpg\" alt=\"Image Title\"><\/a>                  <\/figure>\n<\/div>\n<\/div>\n<\/div>\n\n\n\n<div class=\"wp-block-bennet-gutenberg-container content-row light-section full row_padding_bottom\" data-bgcolor=\"#c8c8c8\" style=\"text-align:center\">\n<div class=\"wp-block-bennet-gutenberg-scrolling-panels panels\" data-widthratio=\"1\"><div class=\"panels-container\">\n<div class=\"panel\"><img decoding=\"async\" src=\"\" alt=\"\" \/><\/div>\n\n\n\n<div class=\"panel\"><img decoding=\"async\" src=\"\" alt=\"\" \/><\/div>\n\n\n\n<div class=\"panel\"><img decoding=\"async\" src=\"\" alt=\"\" \/><\/div>\n\n\n\n<div class=\"panel\"><img decoding=\"async\" src=\"\" alt=\"\" \/><\/div>\n<\/div><\/div>\n<\/div>\n\n\n\n<div class=\"wp-block-bennet-gutenberg-container content-row light-section normal row_padding_top row_padding_bottom\" data-bgcolor=\"#c8c8c8\" style=\"text-align:center\">\n<div class=\"wp-block-bennet-gutenberg-right-pinned-section pinned-section\">\n<div class=\"wp-block-bennet-gutenberg-scrolling-element scrolling-element left\">\n<a href=\"https:\/\/abyssedelhumanite.fr\/wp-content\/uploads\/2025\/05\/pinned02.jpg\" class=\"image-link\"><img decoding=\"async\" src=\"https:\/\/abyssedelhumanite.fr\/wp-content\/uploads\/2025\/05\/pinned02.jpg\" alt=\"Image Title\"><\/a>\n<\/div>\n\n\n\n<div class=\"wp-block-bennet-gutenberg-pinned-element pinned-element right\">\n<h5 class=\"no-margins\">Pinned Section<\/h5>                                                <p>Create captivating sticky elements that remain fixed <br class=\"destroy\"> on the left or right side of an image as you scroll.<\/p>\n<\/div>\n<\/div>\n<\/div>\n\n\n\n<div class=\"wp-block-bennet-gutenberg-container content-row light-section normal row_padding_bottom\" data-bgcolor=\"#c8c8c8\" style=\"text-align:left\">\n<h5 class=\"wp-block-heading no-margins\">Zoom Gallery<\/h5>\n\n\n\n<p>Simply define your images and specify which image  <\/p>\n\n\n\n<p>you want to zoom in fullscreen.<\/p>\n\n\n\n<div style=\"height:50px\" aria-hidden=\"true\" class=\"wp-block-spacer\"><\/div>\n<\/div>\n\n\n\n<div class=\"wp-block-bennet-gutenberg-container content-row light-section normal row_padding_bottom\" data-bgcolor=\"#c8c8c8\" style=\"text-align:center\">\n<div class=\"wp-block-bennet-gutenberg-zoom-gallery zoom-gallery\"><ul class=\"zoom-wrapper-gallery\" data-heightratio=\"0.6\">\n<li><div class=\"zoom-img-wrapper\"><img decoding=\"async\" src=\"\" alt=\"\" \/><\/div><\/li>\n\n\n\n<li><div class=\"zoom-img-wrapper\"><img decoding=\"async\" src=\"\" alt=\"\" \/><\/div><\/li>\n\n\n\n<li><div class=\"zoom-img-wrapper\"><img decoding=\"async\" src=\"\" alt=\"\" \/><\/div><\/li>\n<\/ul><div class=\"zoom-wrapper-thumb\"><\/div><\/div>\n<\/div>\n\n\n\n<div class=\"wp-block-bennet-gutenberg-container content-row light-section normal row_padding_bottom\" data-bgcolor=\"#c8c8c8\" style=\"text-align:center\">\n<h5 class=\"wp-block-heading no-margins\">Justified Grid<\/h5>\n\n\n\n<p>Create justified galleries, add captions, and set up a  <\/p>\n\n\n\n<p>lightbox for the images when it is needed.<\/p>\n\n\n\n<div style=\"height:25px\" aria-hidden=\"true\" class=\"wp-block-spacer\"><\/div>\n<\/div>\n\n\n\n<div class=\"wp-block-bennet-gutenberg-container content-row light-section normal row_padding_bottom\" data-bgcolor=\"#c8c8c8\" style=\"text-align:left\">\n<div class=\"wp-block-bennet-gutenberg-collage justified-grid\">\n<div class=\"collage-thumb\"><a class=\"image-link\" href=\"\"><img decoding=\"async\" src=\"\" alt=\"&quot;&quot;\" \/><div class=\"thumb-info\">&quot;Caption<\/div><\/a><\/div>\n\n\n\n<div class=\"collage-thumb\"><a class=\"image-link\" href=\"\"><img decoding=\"async\" src=\"\" alt=\"&quot;&quot;\" \/><div class=\"thumb-info\">&quot;Caption<\/div><\/a><\/div>\n\n\n\n<div class=\"collage-thumb\"><a class=\"image-link\" href=\"\"><img decoding=\"async\" src=\"\" alt=\"&quot;&quot;\" \/><div class=\"thumb-info\">&quot;Caption<\/div><\/a><\/div>\n\n\n\n<div class=\"collage-thumb\"><a class=\"image-link\" href=\"\"><img decoding=\"async\" src=\"\" alt=\"&quot;&quot;\" \/><div class=\"thumb-info\">&quot;Caption<\/div><\/a><\/div>\n\n\n\n<div class=\"collage-thumb\"><a class=\"image-link\" href=\"\"><img decoding=\"async\" src=\"\" alt=\"&quot;&quot;\" \/><div class=\"thumb-info\">&quot;Caption<\/div><\/a><\/div>\n\n\n\n<div class=\"collage-thumb\"><a class=\"image-link\" href=\"\"><img decoding=\"async\" src=\"\" alt=\"&quot;&quot;\" \/><div class=\"thumb-info\">&quot;Caption<\/div><\/a><\/div>\n\n\n\n<div class=\"collage-thumb\"><a class=\"image-link\" href=\"\"><img decoding=\"async\" src=\"\" alt=\"&quot;&quot;\" \/><div class=\"thumb-info\">&quot;Caption<\/div><\/a><\/div>\n<\/div>\n<\/div>\n\n\n\n<div class=\"wp-block-bennet-gutenberg-container content-row light-section normal row_padding_bottom\" data-bgcolor=\"#c8c8c8\" style=\"text-align:left\">\n<h5 class=\"wp-block-heading no-margins\">Horizontal Moving Galleries<\/h5>\n\n\n\n<p>Create dynamic horizontal galleries that seamlessly translate left or right<\/p>\n\n\n\n<p>as you scroll, offering an immersive browsing experience.<\/p>\n\n\n\n<div style=\"height:50px\" aria-hidden=\"true\" class=\"wp-block-spacer\"><\/div>\n<\/div>\n\n\n\n<div class=\"wp-block-bennet-gutenberg-container content-row light-section full\" data-bgcolor=\"#c8c8c8\" style=\"text-align:center\">\n<p><\/p>\n\n\n\n<div class=\"wp-block-bennet-gutenberg-moving-gallery moving-gallery fw-gallery\"><ul class=\"wrapper-gallery\">\n<li><img decoding=\"async\" src=\"\" alt=\"\" \/><\/li>\n\n\n\n<li><img decoding=\"async\" src=\"\" alt=\"\" \/><\/li>\n\n\n\n<li><img decoding=\"async\" src=\"\" alt=\"\" \/><\/li>\n\n\n\n<li><img decoding=\"async\" src=\"\" alt=\"\" \/><\/li>\n\n\n\n<li><img decoding=\"async\" src=\"\" alt=\"\" \/><\/li>\n<\/ul><\/div>\n\n\n\n<div class=\"wp-block-bennet-gutenberg-moving-gallery moving-gallery bw-gallery\"><ul class=\"wrapper-gallery\">\n<li><img decoding=\"async\" src=\"\" alt=\"\" \/><\/li>\n\n\n\n<li><img decoding=\"async\" src=\"\" alt=\"\" \/><\/li>\n\n\n\n<li><img decoding=\"async\" src=\"\" alt=\"\" \/><\/li>\n\n\n\n<li><img decoding=\"async\" src=\"\" alt=\"\" \/><\/li>\n\n\n\n<li><img decoding=\"async\" src=\"\" alt=\"\" \/><\/li>\n<\/ul><\/div>\n<\/div>\n","protected":false},"excerpt":{"rendered":"","protected":false},"author":1,"featured_media":0,"parent":0,"menu_order":0,"comment_status":"closed","ping_status":"closed","template":"","meta":{"footnotes":""},"class_list":["post-3173","page","type-page","status-publish","hentry"],"yoast_head":"<!-- This site is optimized with the Yoast SEO plugin v27.5 - https:\/\/yoast.com\/product\/yoast-seo-wordpress\/ -->\n<title>Multimedia - Abysse de l&#039;humanit\u00e9<\/title>\n<meta name=\"robots\" content=\"index, follow, max-snippet:-1, max-image-preview:large, max-video-preview:-1\" \/>\n<link rel=\"canonical\" href=\"https:\/\/abyssedelhumanite.fr\/?page_id=3173\" \/>\n<meta property=\"og:locale\" content=\"fr_FR\" \/>\n<meta property=\"og:type\" content=\"article\" \/>\n<meta property=\"og:title\" content=\"Multimedia - Abysse de l&#039;humanit\u00e9\" \/>\n<meta property=\"og:url\" content=\"https:\/\/abyssedelhumanite.fr\/?page_id=3173\" \/>\n<meta property=\"og:site_name\" content=\"Abysse de l&#039;humanit\u00e9\" \/>\n<meta property=\"og:image\" content=\"https:\/\/abyssedelhumanite.fr\/wp-content\/uploads\/2025\/05\/about.jpg\" \/>\n<meta name=\"twitter:card\" content=\"summary_large_image\" \/>\n<meta name=\"twitter:label1\" content=\"Dur\u00e9e de lecture estim\u00e9e\" \/>\n\t<meta name=\"twitter:data1\" content=\"7 minutes\" \/>\n<script type=\"application\/ld+json\" class=\"yoast-schema-graph\">{\"@context\":\"https:\\\/\\\/schema.org\",\"@graph\":[{\"@type\":\"WebPage\",\"@id\":\"https:\\\/\\\/abyssedelhumanite.fr\\\/?page_id=3173\",\"url\":\"https:\\\/\\\/abyssedelhumanite.fr\\\/?page_id=3173\",\"name\":\"Multimedia - Abysse de l&#039;humanit\u00e9\",\"isPartOf\":{\"@id\":\"https:\\\/\\\/abyssedelhumanite.fr\\\/#website\"},\"primaryImageOfPage\":{\"@id\":\"https:\\\/\\\/abyssedelhumanite.fr\\\/?page_id=3173#primaryimage\"},\"image\":{\"@id\":\"https:\\\/\\\/abyssedelhumanite.fr\\\/?page_id=3173#primaryimage\"},\"thumbnailUrl\":\"https:\\\/\\\/abyssedelhumanite.fr\\\/wp-content\\\/uploads\\\/2025\\\/05\\\/about.jpg\",\"datePublished\":\"2025-04-30T08:07:02+00:00\",\"breadcrumb\":{\"@id\":\"https:\\\/\\\/abyssedelhumanite.fr\\\/?page_id=3173#breadcrumb\"},\"inLanguage\":\"fr-FR\",\"potentialAction\":[{\"@type\":\"ReadAction\",\"target\":[\"https:\\\/\\\/abyssedelhumanite.fr\\\/?page_id=3173\"]}]},{\"@type\":\"ImageObject\",\"inLanguage\":\"fr-FR\",\"@id\":\"https:\\\/\\\/abyssedelhumanite.fr\\\/?page_id=3173#primaryimage\",\"url\":\"https:\\\/\\\/abyssedelhumanite.fr\\\/wp-content\\\/uploads\\\/2025\\\/05\\\/about.jpg\",\"contentUrl\":\"https:\\\/\\\/abyssedelhumanite.fr\\\/wp-content\\\/uploads\\\/2025\\\/05\\\/about.jpg\",\"width\":1920,\"height\":1081},{\"@type\":\"BreadcrumbList\",\"@id\":\"https:\\\/\\\/abyssedelhumanite.fr\\\/?page_id=3173#breadcrumb\",\"itemListElement\":[{\"@type\":\"ListItem\",\"position\":1,\"name\":\"Home\",\"item\":\"https:\\\/\\\/abyssedelhumanite.fr\\\/\"},{\"@type\":\"ListItem\",\"position\":2,\"name\":\"Multimedia\"}]},{\"@type\":\"WebSite\",\"@id\":\"https:\\\/\\\/abyssedelhumanite.fr\\\/#website\",\"url\":\"https:\\\/\\\/abyssedelhumanite.fr\\\/\",\"name\":\"Abysse de l&#039;humanit\u00e9\",\"description\":\"Quand la lumi\u00e8re survit \u00e0 l\u2019inhumanit\u00e9\",\"potentialAction\":[{\"@type\":\"SearchAction\",\"target\":{\"@type\":\"EntryPoint\",\"urlTemplate\":\"https:\\\/\\\/abyssedelhumanite.fr\\\/?s={search_term_string}\"},\"query-input\":{\"@type\":\"PropertyValueSpecification\",\"valueRequired\":true,\"valueName\":\"search_term_string\"}}],\"inLanguage\":\"fr-FR\"}]}<\/script>\n<!-- \/ Yoast SEO plugin. -->","yoast_head_json":{"title":"Multimedia - Abysse de l&#039;humanit\u00e9","robots":{"index":"index","follow":"follow","max-snippet":"max-snippet:-1","max-image-preview":"max-image-preview:large","max-video-preview":"max-video-preview:-1"},"canonical":"https:\/\/abyssedelhumanite.fr\/?page_id=3173","og_locale":"fr_FR","og_type":"article","og_title":"Multimedia - Abysse de l&#039;humanit\u00e9","og_url":"https:\/\/abyssedelhumanite.fr\/?page_id=3173","og_site_name":"Abysse de l&#039;humanit\u00e9","og_image":[{"url":"https:\/\/abyssedelhumanite.fr\/wp-content\/uploads\/2025\/05\/about.jpg","type":"","width":"","height":""}],"twitter_card":"summary_large_image","twitter_misc":{"Dur\u00e9e de lecture estim\u00e9e":"7 minutes"},"schema":{"@context":"https:\/\/schema.org","@graph":[{"@type":"WebPage","@id":"https:\/\/abyssedelhumanite.fr\/?page_id=3173","url":"https:\/\/abyssedelhumanite.fr\/?page_id=3173","name":"Multimedia - Abysse de l&#039;humanit\u00e9","isPartOf":{"@id":"https:\/\/abyssedelhumanite.fr\/#website"},"primaryImageOfPage":{"@id":"https:\/\/abyssedelhumanite.fr\/?page_id=3173#primaryimage"},"image":{"@id":"https:\/\/abyssedelhumanite.fr\/?page_id=3173#primaryimage"},"thumbnailUrl":"https:\/\/abyssedelhumanite.fr\/wp-content\/uploads\/2025\/05\/about.jpg","datePublished":"2025-04-30T08:07:02+00:00","breadcrumb":{"@id":"https:\/\/abyssedelhumanite.fr\/?page_id=3173#breadcrumb"},"inLanguage":"fr-FR","potentialAction":[{"@type":"ReadAction","target":["https:\/\/abyssedelhumanite.fr\/?page_id=3173"]}]},{"@type":"ImageObject","inLanguage":"fr-FR","@id":"https:\/\/abyssedelhumanite.fr\/?page_id=3173#primaryimage","url":"https:\/\/abyssedelhumanite.fr\/wp-content\/uploads\/2025\/05\/about.jpg","contentUrl":"https:\/\/abyssedelhumanite.fr\/wp-content\/uploads\/2025\/05\/about.jpg","width":1920,"height":1081},{"@type":"BreadcrumbList","@id":"https:\/\/abyssedelhumanite.fr\/?page_id=3173#breadcrumb","itemListElement":[{"@type":"ListItem","position":1,"name":"Home","item":"https:\/\/abyssedelhumanite.fr\/"},{"@type":"ListItem","position":2,"name":"Multimedia"}]},{"@type":"WebSite","@id":"https:\/\/abyssedelhumanite.fr\/#website","url":"https:\/\/abyssedelhumanite.fr\/","name":"Abysse de l&#039;humanit\u00e9","description":"Quand la lumi\u00e8re survit \u00e0 l\u2019inhumanit\u00e9","potentialAction":[{"@type":"SearchAction","target":{"@type":"EntryPoint","urlTemplate":"https:\/\/abyssedelhumanite.fr\/?s={search_term_string}"},"query-input":{"@type":"PropertyValueSpecification","valueRequired":true,"valueName":"search_term_string"}}],"inLanguage":"fr-FR"}]}},"_links":{"self":[{"href":"https:\/\/abyssedelhumanite.fr\/index.php?rest_route=\/wp\/v2\/pages\/3173","targetHints":{"allow":["GET"]}}],"collection":[{"href":"https:\/\/abyssedelhumanite.fr\/index.php?rest_route=\/wp\/v2\/pages"}],"about":[{"href":"https:\/\/abyssedelhumanite.fr\/index.php?rest_route=\/wp\/v2\/types\/page"}],"author":[{"embeddable":true,"href":"https:\/\/abyssedelhumanite.fr\/index.php?rest_route=\/wp\/v2\/users\/1"}],"replies":[{"embeddable":true,"href":"https:\/\/abyssedelhumanite.fr\/index.php?rest_route=%2Fwp%2Fv2%2Fcomments&post=3173"}],"version-history":[{"count":0,"href":"https:\/\/abyssedelhumanite.fr\/index.php?rest_route=\/wp\/v2\/pages\/3173\/revisions"}],"wp:attachment":[{"href":"https:\/\/abyssedelhumanite.fr\/index.php?rest_route=%2Fwp%2Fv2%2Fmedia&parent=3173"}],"curies":[{"name":"wp","href":"https:\/\/api.w.org\/{rel}","templated":true}]}}