{"id":3169,"date":"2025-04-30T08:00:30","date_gmt":"2025-04-30T08:00:30","guid":{"rendered":"http:\/\/clapat-themes.com\/wordpress\/bennet\/?page_id=3169"},"modified":"2025-04-30T08:00:30","modified_gmt":"2025-04-30T08:00:30","slug":"contact","status":"publish","type":"page","link":"https:\/\/abyssedelhumanite.fr\/?page_id=3169","title":{"rendered":"Contact"},"content":{"rendered":"\n<div class=\"wp-block-bennet-gutenberg-container content-row dark-section full has-clip-path\" data-bgcolor=\"#0c0c0c\" style=\"text-align:left\">\n<!-- Map --><div id=\"map_canvas\"><\/div><!--\/Map -->\n<\/div>\n\n\n\n<div class=\"wp-block-bennet-gutenberg-container content-row dark-section small row_padding_top row_padding_bottom\" data-bgcolor=\"#0c0c0c\" style=\"text-align:left\">\n<h2 class=\"wp-block-heading has-text-align-center has-shuffle\">Let&rsquo;s Talk<\/h2>\n\n\n\n<div style=\"height:50px\" aria-hidden=\"true\" class=\"wp-block-spacer\"><\/div>\n\n\n\n<div class=\"wpcf7 no-js\" id=\"wpcf7-f3516-o1\" lang=\"en-US\" dir=\"ltr\" data-wpcf7-id=\"3516\">\n<div class=\"screen-reader-response\"><p role=\"status\" aria-live=\"polite\" aria-atomic=\"true\"><\/p> <ul><\/ul><\/div>\n<form action=\"\/index.php?rest_route=%2Fwp%2Fv2%2Fpages%2F3169#wpcf7-f3516-o1\" method=\"post\" class=\"wpcf7-form init\" aria-label=\"Contact form\" novalidate=\"novalidate\" data-status=\"init\">\n<fieldset class=\"hidden-fields-container\"><input type=\"hidden\" name=\"_wpcf7\" value=\"3516\" \/><input type=\"hidden\" name=\"_wpcf7_version\" value=\"6.1.5\" \/><input type=\"hidden\" name=\"_wpcf7_locale\" value=\"en_US\" \/><input type=\"hidden\" name=\"_wpcf7_unit_tag\" value=\"wpcf7-f3516-o1\" \/><input type=\"hidden\" name=\"_wpcf7_container_post\" value=\"0\" \/><input type=\"hidden\" name=\"_wpcf7_posted_data_hash\" value=\"\" \/>\n<\/fieldset>\n<div id=\"contact-formular\" class=\"text-align-center\">\n\t<div class=\"name-box has-animation\">\n\t\t<p><span class=\"wpcf7-form-control-wrap\" data-name=\"your-name\"><input size=\"40\" maxlength=\"400\" class=\"wpcf7-form-control wpcf7-text wpcf7-validates-as-required\" aria-required=\"true\" aria-invalid=\"false\" placeholder=\"What&#039;s Your Name\" value=\"\" type=\"text\" name=\"your-name\" \/><\/span>\n\t\t<\/p>\n\t<\/div>\n\t<div class=\"email-box has-animation\">\n\t\t<p><span class=\"wpcf7-form-control-wrap\" data-name=\"your-email\"><input size=\"40\" maxlength=\"400\" class=\"wpcf7-form-control wpcf7-email wpcf7-validates-as-required wpcf7-text wpcf7-validates-as-email\" aria-required=\"true\" aria-invalid=\"false\" placeholder=\"Your E-mail\" value=\"\" type=\"email\" name=\"your-email\" \/><\/span>\n\t\t<\/p>\n\t<\/div>\n\t<div class=\"message-box has-animation\">\n\t\t<p><span class=\"wpcf7-form-control-wrap\" data-name=\"your-message\"><textarea cols=\"40\" rows=\"10\" maxlength=\"2000\" class=\"wpcf7-form-control wpcf7-textarea wpcf7-validates-as-required\" aria-required=\"true\" aria-invalid=\"false\" placeholder=\"Tell Us About Your Project\" name=\"your-message\"><\/textarea><\/span>\n\t\t<\/p>\n\t<\/div>\n\t<div class=\"button-box has-animation\" data-delay=\"100\">\n\t\t<div class=\"clapat-button-wrap parallax-wrap hide-ball\">\n\t\t\t<div class=\"clapat-button parallax-element\">\n\t\t\t\t<div class=\"button-border rounded outline parallax-element-second\">\n\t\t\t\t\t<p><input class=\"wpcf7-form-control wpcf7-submit has-spinner\" type=\"submit\" value=\"Send Message\" \/>\n\t\t\t\t\t<\/p>\n\t\t\t\t<\/div>\n\t\t\t<\/div>\n\t\t<\/div>\n\t<\/div>\n<\/div><div class=\"wpcf7-response-output\" aria-hidden=\"true\"><\/div>\n<\/form>\n<\/div>\n\n<\/div>\n\n\n\n<div class=\"wp-block-bennet-gutenberg-container content-row dark-section normal text-align-center\" data-bgcolor=\"#0c0c0c\" style=\"text-align:center\">\n<div class=\"wp-block-columns is-layout-flex wp-container-core-columns-is-layout-9d6595d7 wp-block-columns-is-layout-flex\">\n<div class=\"wp-block-column is-layout-flow wp-block-column-is-layout-flow\">\n<div class=\"box-icon-wrapper block-boxes \"><div class=\"box-icon\"><i class=\"fa fa-map-marker fa-2x fa-2x\" aria-hidden=\"true\"><\/i><\/div><div class=\"box-icon-content\"><h6 class=\"no-margins\">35 M Str, New York, USA<\/h6><p>Address<\/p><\/div><\/div>\n<\/div>\n\n\n\n<div class=\"wp-block-column is-layout-flow wp-block-column-is-layout-flow\">\n<div style=\"height:25px\" aria-hidden=\"true\" class=\"wp-block-spacer\"><\/div>\n\n\n\n<p class=\"has-text-align-center bigger\">. . .<\/p>\n<\/div>\n\n\n\n<div class=\"wp-block-column is-layout-flow wp-block-column-is-layout-flow\">\n<div class=\"box-icon-wrapper block-boxes \"><div class=\"box-icon\"><i class=\"fa fa-phone fa-2x fa-2x\" aria-hidden=\"true\"><\/i><\/div><div class=\"box-icon-content\"><h6 class=\"no-margins\">0040 (7763) 574-8901<\/h6><p>Phone<\/p><\/div><\/div>\n<\/div>\n<\/div>\n<\/div>\n\n\n\n<div class=\"wp-block-bennet-gutenberg-container content-row dark-section full row_padding_top row_padding_bottom text-align-center\" data-bgcolor=\"#0c0c0c\" style=\"text-align:center\">\n<p class=\"bigger has-shuffle no-margins secondary-font\">Ready to work together?<\/p>\n\n\n\n<div id=\"copy-email\" class=\"wp-block-bennet-gutenberg-contact-email\" data-hover-message=\"Copy Mail\" data-clicked-message=\"Copied\"><span>office@bennet.com<\/span><\/div>\n<\/div>\n","protected":false},"excerpt":{"rendered":"","protected":false},"author":1,"featured_media":0,"parent":0,"menu_order":0,"comment_status":"closed","ping_status":"closed","template":"","meta":{"footnotes":""},"class_list":["post-3169","page","type-page","status-publish","hentry"],"yoast_head":"<!-- This site is optimized with the Yoast SEO plugin v27.5 - https:\/\/yoast.com\/product\/yoast-seo-wordpress\/ -->\n<title>Contact - Abysse de l&#039;humanit\u00e9<\/title>\n<meta name=\"robots\" content=\"index, follow, max-snippet:-1, max-image-preview:large, max-video-preview:-1\" \/>\n<link rel=\"canonical\" href=\"https:\/\/abyssedelhumanite.fr\/?page_id=3169\" \/>\n<meta property=\"og:locale\" content=\"fr_FR\" \/>\n<meta property=\"og:type\" content=\"article\" \/>\n<meta property=\"og:title\" content=\"Contact - Abysse de l&#039;humanit\u00e9\" \/>\n<meta property=\"og:url\" content=\"https:\/\/abyssedelhumanite.fr\/?page_id=3169\" \/>\n<meta property=\"og:site_name\" content=\"Abysse de l&#039;humanit\u00e9\" \/>\n<meta name=\"twitter:card\" content=\"summary_large_image\" \/>\n<script type=\"application\/ld+json\" class=\"yoast-schema-graph\">{\"@context\":\"https:\\\/\\\/schema.org\",\"@graph\":[{\"@type\":\"WebPage\",\"@id\":\"https:\\\/\\\/abyssedelhumanite.fr\\\/?page_id=3169\",\"url\":\"https:\\\/\\\/abyssedelhumanite.fr\\\/?page_id=3169\",\"name\":\"Contact - Abysse de l&#039;humanit\u00e9\",\"isPartOf\":{\"@id\":\"https:\\\/\\\/abyssedelhumanite.fr\\\/#website\"},\"datePublished\":\"2025-04-30T08:00:30+00:00\",\"breadcrumb\":{\"@id\":\"https:\\\/\\\/abyssedelhumanite.fr\\\/?page_id=3169#breadcrumb\"},\"inLanguage\":\"fr-FR\",\"potentialAction\":[{\"@type\":\"ReadAction\",\"target\":[\"https:\\\/\\\/abyssedelhumanite.fr\\\/?page_id=3169\"]}]},{\"@type\":\"BreadcrumbList\",\"@id\":\"https:\\\/\\\/abyssedelhumanite.fr\\\/?page_id=3169#breadcrumb\",\"itemListElement\":[{\"@type\":\"ListItem\",\"position\":1,\"name\":\"Home\",\"item\":\"https:\\\/\\\/abyssedelhumanite.fr\\\/\"},{\"@type\":\"ListItem\",\"position\":2,\"name\":\"Contact\"}]},{\"@type\":\"WebSite\",\"@id\":\"https:\\\/\\\/abyssedelhumanite.fr\\\/#website\",\"url\":\"https:\\\/\\\/abyssedelhumanite.fr\\\/\",\"name\":\"Abysse de l&#039;humanit\u00e9\",\"description\":\"Quand la lumi\u00e8re survit \u00e0 l\u2019inhumanit\u00e9\",\"potentialAction\":[{\"@type\":\"SearchAction\",\"target\":{\"@type\":\"EntryPoint\",\"urlTemplate\":\"https:\\\/\\\/abyssedelhumanite.fr\\\/?s={search_term_string}\"},\"query-input\":{\"@type\":\"PropertyValueSpecification\",\"valueRequired\":true,\"valueName\":\"search_term_string\"}}],\"inLanguage\":\"fr-FR\"}]}<\/script>\n<!-- \/ Yoast SEO plugin. -->","yoast_head_json":{"title":"Contact - Abysse de l&#039;humanit\u00e9","robots":{"index":"index","follow":"follow","max-snippet":"max-snippet:-1","max-image-preview":"max-image-preview:large","max-video-preview":"max-video-preview:-1"},"canonical":"https:\/\/abyssedelhumanite.fr\/?page_id=3169","og_locale":"fr_FR","og_type":"article","og_title":"Contact - Abysse de l&#039;humanit\u00e9","og_url":"https:\/\/abyssedelhumanite.fr\/?page_id=3169","og_site_name":"Abysse de l&#039;humanit\u00e9","twitter_card":"summary_large_image","schema":{"@context":"https:\/\/schema.org","@graph":[{"@type":"WebPage","@id":"https:\/\/abyssedelhumanite.fr\/?page_id=3169","url":"https:\/\/abyssedelhumanite.fr\/?page_id=3169","name":"Contact - Abysse de l&#039;humanit\u00e9","isPartOf":{"@id":"https:\/\/abyssedelhumanite.fr\/#website"},"datePublished":"2025-04-30T08:00:30+00:00","breadcrumb":{"@id":"https:\/\/abyssedelhumanite.fr\/?page_id=3169#breadcrumb"},"inLanguage":"fr-FR","potentialAction":[{"@type":"ReadAction","target":["https:\/\/abyssedelhumanite.fr\/?page_id=3169"]}]},{"@type":"BreadcrumbList","@id":"https:\/\/abyssedelhumanite.fr\/?page_id=3169#breadcrumb","itemListElement":[{"@type":"ListItem","position":1,"name":"Home","item":"https:\/\/abyssedelhumanite.fr\/"},{"@type":"ListItem","position":2,"name":"Contact"}]},{"@type":"WebSite","@id":"https:\/\/abyssedelhumanite.fr\/#website","url":"https:\/\/abyssedelhumanite.fr\/","name":"Abysse de l&#039;humanit\u00e9","description":"Quand la lumi\u00e8re survit \u00e0 l\u2019inhumanit\u00e9","potentialAction":[{"@type":"SearchAction","target":{"@type":"EntryPoint","urlTemplate":"https:\/\/abyssedelhumanite.fr\/?s={search_term_string}"},"query-input":{"@type":"PropertyValueSpecification","valueRequired":true,"valueName":"search_term_string"}}],"inLanguage":"fr-FR"}]}},"_links":{"self":[{"href":"https:\/\/abyssedelhumanite.fr\/index.php?rest_route=\/wp\/v2\/pages\/3169","targetHints":{"allow":["GET"]}}],"collection":[{"href":"https:\/\/abyssedelhumanite.fr\/index.php?rest_route=\/wp\/v2\/pages"}],"about":[{"href":"https:\/\/abyssedelhumanite.fr\/index.php?rest_route=\/wp\/v2\/types\/page"}],"author":[{"embeddable":true,"href":"https:\/\/abyssedelhumanite.fr\/index.php?rest_route=\/wp\/v2\/users\/1"}],"replies":[{"embeddable":true,"href":"https:\/\/abyssedelhumanite.fr\/index.php?rest_route=%2Fwp%2Fv2%2Fcomments&post=3169"}],"version-history":[{"count":0,"href":"https:\/\/abyssedelhumanite.fr\/index.php?rest_route=\/wp\/v2\/pages\/3169\/revisions"}],"wp:attachment":[{"href":"https:\/\/abyssedelhumanite.fr\/index.php?rest_route=%2Fwp%2Fv2%2Fmedia&parent=3169"}],"curies":[{"name":"wp","href":"https:\/\/api.w.org\/{rel}","templated":true}]}}