{"id":3159,"date":"2025-04-30T07:45:52","date_gmt":"2025-04-30T07:45:52","guid":{"rendered":"http:\/\/clapat-themes.com\/wordpress\/bennet\/?page_id=3159"},"modified":"2026-04-30T01:20:10","modified_gmt":"2026-04-29T23:20:10","slug":"index","status":"publish","type":"page","link":"https:\/\/abyssedelhumanite.fr\/","title":{"rendered":"Index"},"content":{"rendered":"\t\t<div data-elementor-type=\"wp-page\" data-elementor-id=\"3159\" class=\"elementor elementor-3159\">\n\t\t\t\t<div class=\"content-row-elementor elementor-element elementor-element-564819f5 dark-section inherit-header-color full_elementor row_padding_left_elementor row_padding_right_elementor e-flex e-con-boxed e-con e-parent\" data-id=\"564819f5\" data-element_type=\"container\" data-e-type=\"container\" data-settings=\"{&quot;background_background&quot;:&quot;slideshow&quot;,&quot;background_slideshow_gallery&quot;:[{&quot;id&quot;:3547,&quot;url&quot;:&quot;https:\\\/\\\/abyssedelhumanite.fr\\\/wp-content\\\/uploads\\\/2026\\\/04\\\/Plan-de-travail-1site-image-7-scaled.jpg&quot;}],&quot;background_slideshow_loop&quot;:&quot;yes&quot;,&quot;background_slideshow_slide_duration&quot;:5000,&quot;background_slideshow_slide_transition&quot;:&quot;fade&quot;,&quot;background_slideshow_transition_duration&quot;:500}\">\n\t\t\t\t\t<div class=\"e-con-inner\">\n\t\t\t\t<div class=\"elementor-element elementor-element-4d87a211 elementor-widget elementor-widget-text-editor\" data-id=\"4d87a211\" data-element_type=\"widget\" data-e-type=\"widget\" data-widget_type=\"text-editor.default\">\n\t\t\t\t\t\t\t\t\t\n<div class=\"wp-block-bennet-gutenberg-container content-row light-section full row_padding_top row_padding_bottom row_padding_left row_padding_right\" data-bgcolor=\"transparent\" style=\"text-align:left\">\n<div class=\"landing-intro-wrapper\">\n   <h2 class=\"new-hero-title\">\n      <span>We\u2019re<\/span> \n      <div class=\"hero-title-placeholder\"><\/div>\n      <span>a <span class=\"text-rotator-wrapper secondary-font\">  \n      <span class=\"text-rotator\">\n      <span>creative<\/span>\n      <span>visionary<\/span>\n      <span>digital<\/span>\n      <\/span>\n      <\/span>\n      <\/span>\n      <span>agency<\/span>\n   <\/h2>\n<\/div>\n<\/div>\n\n\n\n<div class=\"wp-block-bennet-gutenberg-container content-row light-section full row_padding_bottom row_padding_left row_padding_right\" data-bgcolor=\"transparent\" style=\"text-align:left\">\n<div class=\"wp-block-columns is-layout-flex wp-container-core-columns-is-layout-9d6595d7 wp-block-columns-is-layout-flex\">\n<div class=\"wp-block-column is-layout-flow wp-block-column-is-layout-flow\" style=\"flex-basis:75%\"><\/div>\n\n\n\n<div class=\"wp-block-column is-layout-flow wp-block-column-is-layout-flow\" style=\"flex-basis:25%\">\n<div class=\"landing-video content-timeline \"><div class=\"content-video-wrapper\"><video loop muted autoplay playsinline class=\"bgvid\"><source src=\"http:\/\/\" \/><source src=\"http:\/\/clapat.ro\/themes\/bennet\/images\/intro.mp4\" \/><\/video><\/div><\/div>\n\n\n\n<div style=\"height:75px\" aria-hidden=\"true\" class=\"wp-block-spacer\"><\/div>\n\n\n\n<p class=\"has-opacity\">Crafting exceptional websites tailored to your vision, we blend creativity with functionality to deliver stunning digital experiences.<\/p>\n\n\n\n<div class=\"button-wrap &quot;small-btn&quot; &quot;right&quot; has-animation &quot;&quot;\" data-delay=\"&quot;0&quot;\"><div class=\"icon-wrap parallax-wrap\"><div class=\"button-icon parallax-element\"><i class=\"fa-solid fa-arrow-right\"><\/i><\/div><\/div><a target=\"&quot;_self&quot;\" href=\"&quot;abyssedelhumanite.fr\/agency\/&quot;\"><div class=\"button-text sticky &quot;right&quot;\"><span data-hover=\"&quot;Read\">&quot;Read<\/span><\/div><\/a><\/div>\n<\/div>\n<\/div>\n<\/div>\n\n\n\n<div class=\"wp-block-bennet-gutenberg-container content-row light-section full disable-header-gradient\" data-bgcolor=\"transparent\" style=\"text-align:left\">\n<!-- Portfolio Projects List --><div class=\"snap-slider-holder\"><div class=\"snap-slider-images\"><div class=\"snap-slider-images-wrapper\"><div class=\"snap-slide trigger-item change-header-color\"><div class=\"img-mask\"><div class=\"section-image trigger-item-link\"><img decoding=\"async\" src=\"http:\/\/clapat-themes.com\/wordpress\/bennet\/wp-content\/uploads\/2025\/03\/01hero.jpg\" class=\"item-image grid__item-img\" alt=\"\"><\/div><img decoding=\"async\" src=\"http:\/\/clapat-themes.com\/wordpress\/bennet\/wp-content\/uploads\/2025\/03\/01hero.jpg\" class=\"grid__item-img grid__item-img--large\" alt=\"\"><\/div><\/div><div class=\"snap-slide trigger-item change-header-color\"><div class=\"img-mask\"><div class=\"section-image trigger-item-link\"><img decoding=\"async\" src=\"http:\/\/clapat-themes.com\/wordpress\/bennet\/wp-content\/uploads\/2025\/03\/02hero.jpg\" class=\"item-image grid__item-img\" alt=\"\"><\/div><img decoding=\"async\" src=\"http:\/\/clapat-themes.com\/wordpress\/bennet\/wp-content\/uploads\/2025\/03\/02hero.jpg\" class=\"grid__item-img grid__item-img--large\" alt=\"\"><\/div><\/div><div class=\"snap-slide trigger-item change-header-color\"><div class=\"img-mask\"><div class=\"section-image trigger-item-link\"><img decoding=\"async\" src=\"http:\/\/clapat-themes.com\/wordpress\/bennet\/wp-content\/uploads\/2025\/03\/03hero.jpg\" class=\"item-image grid__item-img\" alt=\"\"><\/div><img decoding=\"async\" src=\"http:\/\/clapat-themes.com\/wordpress\/bennet\/wp-content\/uploads\/2025\/03\/03hero.jpg\" class=\"grid__item-img grid__item-img--large\" alt=\"\"><\/div><\/div><div class=\"snap-slide trigger-item change-header-color\"><div class=\"img-mask\"><div class=\"section-image trigger-item-link\"><img decoding=\"async\" src=\"http:\/\/clapat-themes.com\/wordpress\/bennet\/wp-content\/uploads\/2025\/03\/04hero.jpg\" class=\"item-image grid__item-img\" alt=\"\"><div class=\"hero-video-wrapper\"><video loop muted class=\"bgvid\"><source src=\"http:\/\/clapat.ro\/themes\/bennet\/images\/04hero.mp4\" type=\"video\/mp4\"><\/video><\/div><\/div><img decoding=\"async\" src=\"http:\/\/clapat-themes.com\/wordpress\/bennet\/wp-content\/uploads\/2025\/03\/04hero.jpg\" class=\"grid__item-img grid__item-img--large\" alt=\"\"><\/div><\/div><\/div><\/div><div class=\"snap-slider-thumbs\"><div class=\"snap-slider-thumbs-wrapper\"><div class=\"thumb-slide\" data-centerLine=\"OPEN\"><div class=\"thumb-slide-img\"><img decoding=\"async\" src=\"http:\/\/clapat-themes.com\/wordpress\/bennet\/wp-content\/uploads\/2025\/03\/01hero1.jpg\" class=\"item-image grid__item-img\" alt=\"\"><\/div><a class=\"slide-link\" data-type=\"page-transition\" href=\"https:\/\/abyssedelhumanite.fr\/?bennet_portfolio=son-of-a-tailor\"><\/a><\/div><div class=\"thumb-slide\" data-centerLine=\"OPEN\"><div class=\"thumb-slide-img\"><img decoding=\"async\" src=\"http:\/\/clapat-themes.com\/wordpress\/bennet\/wp-content\/uploads\/2025\/03\/02hero1.jpg\" class=\"item-image grid__item-img\" alt=\"\"><\/div><a class=\"slide-link\" data-type=\"page-transition\" href=\"https:\/\/abyssedelhumanite.fr\/?bennet_portfolio=stena-air\"><\/a><\/div><div class=\"thumb-slide\" data-centerLine=\"OPEN\"><div class=\"thumb-slide-img\"><img decoding=\"async\" src=\"http:\/\/clapat-themes.com\/wordpress\/bennet\/wp-content\/uploads\/2025\/03\/03hero1.jpg\" class=\"item-image grid__item-img\" alt=\"\"><\/div><a class=\"slide-link\" data-type=\"page-transition\" href=\"https:\/\/abyssedelhumanite.fr\/?bennet_portfolio=the-infin\"><\/a><\/div><div class=\"thumb-slide\" data-centerLine=\"OPEN\"><div class=\"thumb-slide-img\"><img decoding=\"async\" src=\"http:\/\/clapat-themes.com\/wordpress\/bennet\/wp-content\/uploads\/2025\/03\/04hero_webgl.jpg\" class=\"item-image grid__item-img\" alt=\"\"><\/div><a class=\"slide-link\" data-type=\"page-transition\" href=\"https:\/\/abyssedelhumanite.fr\/?bennet_portfolio=the-invincibles\"><\/a><\/div><\/div><\/div><div class=\"snap-slider-captions\"><div class=\"snap-slider-captions-wrapper content-full-width\"><div class=\"snap-slide-caption change-header\"><div class=\"slide-title\"><span>Son \nof a Tailor<\/span><\/div><div class=\"slide-current\"><span>01<\/span><\/div><div class=\"slide-counter\"><span>04<\/span><\/div><div class=\"slide-subtitle\"><span>Branding<\/span><\/div><\/div><div class=\"snap-slide-caption change-header\"><div class=\"slide-title\"><span>Stena Air<\/span><\/div><div class=\"slide-current\"><span>02<\/span><\/div><div class=\"slide-counter\"><span>04<\/span><\/div><div class=\"slide-subtitle\"><span>Web Design<\/span><\/div><\/div><div class=\"snap-slide-caption change-header\"><div class=\"slide-title\"><span>Lounge Chair<\/span><\/div><div class=\"slide-current\"><span>03<\/span><\/div><div class=\"slide-counter\"><span>04<\/span><\/div><div class=\"slide-subtitle\"><span>Photography<\/span><\/div><\/div><div class=\"snap-slide-caption change-header\"><div class=\"slide-title\"><span>The Invincibles<\/span><\/div><div class=\"slide-current\"><span>04<\/span><\/div><div class=\"slide-counter\"><span>04<\/span><\/div><div class=\"slide-subtitle\"><span>Video Production<\/span><\/div><\/div><\/div><\/div><\/div><!--\/Portfolio Projects List-->\n<\/div>\n\n\n\n<div class=\"wp-block-bennet-gutenberg-container content-row light-section normal row_padding_top text-align-center\" data-bgcolor=\"transparent\" style=\"text-align:left\">\n<div class=\"wp-block-bennet-gutenberg-pinned-list pinned-lists-wrapper zipper-mode\" data-duration=\"3x\"><p><\/p><ul class=\"pinned-lists\">\n<li class=\"wp-block-bennet-gutenberg-pinned-list-item\">branding<\/li>\n\n\n\n<li class=\"wp-block-bennet-gutenberg-pinned-list-item\">web design<\/li>\n\n\n\n<li class=\"wp-block-bennet-gutenberg-pinned-list-item\">motion<\/li>\n\n\n\n<li class=\"wp-block-bennet-gutenberg-pinned-list-item\">development<\/li>\n\n\n\n<li class=\"wp-block-bennet-gutenberg-pinned-list-item\">marketing<\/li>\n<\/ul><\/div>\n<\/div>\n\n\n\n<div class=\"wp-block-bennet-gutenberg-container content-row light-section normal row_padding_top text-align-center\" data-bgcolor=\"transparent\" style=\"text-align:center\">\n<div class=\"wp-block-columns is-layout-flex wp-container-core-columns-is-layout-9d6595d7 wp-block-columns-is-layout-flex\">\n<div class=\"wp-block-column is-layout-flow wp-block-column-is-layout-flow\">\n<div class=\"box-icon-wrapper block-boxes \"><div class=\"box-icon\"><i class=\"fa fa-map-marker fa-2x fa-2x\" aria-hidden=\"true\"><\/i><\/div><div class=\"box-icon-content\"><h6 class=\"no-margins\">35 M Str, New York, USA<\/h6><p>Address<\/p><\/div><\/div>\n<\/div>\n\n\n\n<div class=\"wp-block-column is-layout-flow wp-block-column-is-layout-flow\">\n<div style=\"height:25px\" aria-hidden=\"true\" class=\"wp-block-spacer\"><\/div>\n\n\n\n<p class=\"has-text-align-center bigger\">. . .<\/p>\n<\/div>\n\n\n\n<div class=\"wp-block-column is-layout-flow wp-block-column-is-layout-flow\">\n<div class=\"box-icon-wrapper block-boxes \"><div class=\"box-icon\"><i class=\"fa fa-phone fa-2x fa-2x\" aria-hidden=\"true\"><\/i><\/div><div class=\"box-icon-content\"><h6 class=\"no-margins\">0040 (7763) 574-8901<\/h6><p>Phone<\/p><\/div><\/div>\n<\/div>\n<\/div>\n<\/div>\n\t\t\t\t\t\t\t\t<\/div>\n\t\t\t\t\t<\/div>\n\t\t\t\t<\/div>\n\t\t\t\t<\/div>\n\t\t","protected":false},"excerpt":{"rendered":"","protected":false},"author":1,"featured_media":0,"parent":0,"menu_order":0,"comment_status":"closed","ping_status":"closed","template":"","meta":{"footnotes":""},"class_list":["post-3159","page","type-page","status-publish","hentry"],"yoast_head":"<!-- This site is optimized with the Yoast SEO plugin v27.5 - https:\/\/yoast.com\/product\/yoast-seo-wordpress\/ -->\n<title>Index - Abysse de l&#039;humanit\u00e9<\/title>\n<meta name=\"robots\" content=\"index, follow, max-snippet:-1, max-image-preview:large, max-video-preview:-1\" \/>\n<link rel=\"canonical\" href=\"https:\/\/abyssedelhumanite.fr\/\" \/>\n<meta property=\"og:locale\" content=\"fr_FR\" \/>\n<meta property=\"og:type\" content=\"article\" \/>\n<meta property=\"og:title\" content=\"Index - Abysse de l&#039;humanit\u00e9\" \/>\n<meta property=\"og:url\" content=\"https:\/\/abyssedelhumanite.fr\/\" \/>\n<meta property=\"og:site_name\" content=\"Abysse de l&#039;humanit\u00e9\" \/>\n<meta property=\"article:modified_time\" content=\"2026-04-29T23:20:10+00:00\" \/>\n<meta name=\"twitter:card\" content=\"summary_large_image\" \/>\n<meta name=\"twitter:label1\" content=\"Dur\u00e9e de lecture estim\u00e9e\" \/>\n\t<meta name=\"twitter:data1\" content=\"1 minute\" \/>\n<script type=\"application\/ld+json\" class=\"yoast-schema-graph\">{\"@context\":\"https:\\\/\\\/schema.org\",\"@graph\":[{\"@type\":\"WebPage\",\"@id\":\"https:\\\/\\\/abyssedelhumanite.fr\\\/\",\"url\":\"https:\\\/\\\/abyssedelhumanite.fr\\\/\",\"name\":\"Index - Abysse de l&#039;humanit\u00e9\",\"isPartOf\":{\"@id\":\"https:\\\/\\\/abyssedelhumanite.fr\\\/#website\"},\"datePublished\":\"2025-04-30T07:45:52+00:00\",\"dateModified\":\"2026-04-29T23:20:10+00:00\",\"breadcrumb\":{\"@id\":\"https:\\\/\\\/abyssedelhumanite.fr\\\/#breadcrumb\"},\"inLanguage\":\"fr-FR\",\"potentialAction\":[{\"@type\":\"ReadAction\",\"target\":[\"https:\\\/\\\/abyssedelhumanite.fr\\\/\"]}]},{\"@type\":\"BreadcrumbList\",\"@id\":\"https:\\\/\\\/abyssedelhumanite.fr\\\/#breadcrumb\",\"itemListElement\":[{\"@type\":\"ListItem\",\"position\":1,\"name\":\"Home\",\"item\":\"https:\\\/\\\/abyssedelhumanite.fr\\\/\"},{\"@type\":\"ListItem\",\"position\":2,\"name\":\"Index\"}]},{\"@type\":\"WebSite\",\"@id\":\"https:\\\/\\\/abyssedelhumanite.fr\\\/#website\",\"url\":\"https:\\\/\\\/abyssedelhumanite.fr\\\/\",\"name\":\"Abysse de l&#039;humanit\u00e9\",\"description\":\"Quand la lumi\u00e8re survit \u00e0 l\u2019inhumanit\u00e9\",\"potentialAction\":[{\"@type\":\"SearchAction\",\"target\":{\"@type\":\"EntryPoint\",\"urlTemplate\":\"https:\\\/\\\/abyssedelhumanite.fr\\\/?s={search_term_string}\"},\"query-input\":{\"@type\":\"PropertyValueSpecification\",\"valueRequired\":true,\"valueName\":\"search_term_string\"}}],\"inLanguage\":\"fr-FR\"}]}<\/script>\n<!-- \/ Yoast SEO plugin. -->","yoast_head_json":{"title":"Index - Abysse de l&#039;humanit\u00e9","robots":{"index":"index","follow":"follow","max-snippet":"max-snippet:-1","max-image-preview":"max-image-preview:large","max-video-preview":"max-video-preview:-1"},"canonical":"https:\/\/abyssedelhumanite.fr\/","og_locale":"fr_FR","og_type":"article","og_title":"Index - Abysse de l&#039;humanit\u00e9","og_url":"https:\/\/abyssedelhumanite.fr\/","og_site_name":"Abysse de l&#039;humanit\u00e9","article_modified_time":"2026-04-29T23:20:10+00:00","twitter_card":"summary_large_image","twitter_misc":{"Dur\u00e9e de lecture estim\u00e9e":"1 minute"},"schema":{"@context":"https:\/\/schema.org","@graph":[{"@type":"WebPage","@id":"https:\/\/abyssedelhumanite.fr\/","url":"https:\/\/abyssedelhumanite.fr\/","name":"Index - Abysse de l&#039;humanit\u00e9","isPartOf":{"@id":"https:\/\/abyssedelhumanite.fr\/#website"},"datePublished":"2025-04-30T07:45:52+00:00","dateModified":"2026-04-29T23:20:10+00:00","breadcrumb":{"@id":"https:\/\/abyssedelhumanite.fr\/#breadcrumb"},"inLanguage":"fr-FR","potentialAction":[{"@type":"ReadAction","target":["https:\/\/abyssedelhumanite.fr\/"]}]},{"@type":"BreadcrumbList","@id":"https:\/\/abyssedelhumanite.fr\/#breadcrumb","itemListElement":[{"@type":"ListItem","position":1,"name":"Home","item":"https:\/\/abyssedelhumanite.fr\/"},{"@type":"ListItem","position":2,"name":"Index"}]},{"@type":"WebSite","@id":"https:\/\/abyssedelhumanite.fr\/#website","url":"https:\/\/abyssedelhumanite.fr\/","name":"Abysse de l&#039;humanit\u00e9","description":"Quand la lumi\u00e8re survit \u00e0 l\u2019inhumanit\u00e9","potentialAction":[{"@type":"SearchAction","target":{"@type":"EntryPoint","urlTemplate":"https:\/\/abyssedelhumanite.fr\/?s={search_term_string}"},"query-input":{"@type":"PropertyValueSpecification","valueRequired":true,"valueName":"search_term_string"}}],"inLanguage":"fr-FR"}]}},"_links":{"self":[{"href":"https:\/\/abyssedelhumanite.fr\/index.php?rest_route=\/wp\/v2\/pages\/3159","targetHints":{"allow":["GET"]}}],"collection":[{"href":"https:\/\/abyssedelhumanite.fr\/index.php?rest_route=\/wp\/v2\/pages"}],"about":[{"href":"https:\/\/abyssedelhumanite.fr\/index.php?rest_route=\/wp\/v2\/types\/page"}],"author":[{"embeddable":true,"href":"https:\/\/abyssedelhumanite.fr\/index.php?rest_route=\/wp\/v2\/users\/1"}],"replies":[{"embeddable":true,"href":"https:\/\/abyssedelhumanite.fr\/index.php?rest_route=%2Fwp%2Fv2%2Fcomments&post=3159"}],"version-history":[{"count":25,"href":"https:\/\/abyssedelhumanite.fr\/index.php?rest_route=\/wp\/v2\/pages\/3159\/revisions"}],"predecessor-version":[{"id":3576,"href":"https:\/\/abyssedelhumanite.fr\/index.php?rest_route=\/wp\/v2\/pages\/3159\/revisions\/3576"}],"wp:attachment":[{"href":"https:\/\/abyssedelhumanite.fr\/index.php?rest_route=%2Fwp%2Fv2%2Fmedia&parent=3159"}],"curies":[{"name":"wp","href":"https:\/\/api.w.org\/{rel}","templated":true}]}}